{"id":139,"date":"2021-07-15T22:49:50","date_gmt":"2021-07-15T20:49:50","guid":{"rendered":"http:\/\/boogieclub.net\/?page_id=139"},"modified":"2024-07-15T17:08:08","modified_gmt":"2024-07-15T15:08:08","slug":"mais-encore","status":"publish","type":"page","link":"https:\/\/boogieclub.net\/index.php\/mais-encore\/","title":{"rendered":"Mais encore"},"content":{"rendered":"\n<figure class=\"wp-block-video\"><video height=\"480\" style=\"aspect-ratio: 640 \/ 480;\" width=\"640\" controls src=\"https:\/\/boogieclub.net\/wp-content\/uploads\/2021\/07\/201305-Boogie-Club-@-6o-Tremplin-Salsa-Pau-SD-480p.mov\"><\/video><\/figure>\n\n\n\n<p><\/p>\n\n\n\n<p>Comme tous les ans depuis plus de 20 ans, nous organisons un grand stage (environ 140 personnes) au mois d&#8217;avril en Espagne et plus pr\u00e9cis\u00e9ment \u00e0 Calpe. Cette saison le voyage aura lieu donc \u00e0 Calpe du 20 au 27 avril 2025.<\/p>\n\n\n\n<p>Nous vous en dirons un peu plus \u00e0 la rentr\u00e9e&#8230; <\/p>\n","protected":false},"excerpt":{"rendered":"<p>Comme tous les ans depuis plus de 20 ans, nous organisons un grand stage (environ 140 personnes) au mois d&#8217;avril en Espagne et plus pr\u00e9cis\u00e9ment \u00e0 Calpe. Cette saison le voyage aura lieu donc \u00e0 Calpe du 20 au 27 avril 2025. Nous vous en dirons un peu plus \u00e0 la rentr\u00e9e&#8230;<\/p>\n","protected":false},"author":1,"featured_media":0,"parent":0,"menu_order":0,"comment_status":"closed","ping_status":"closed","template":"","meta":{"footnotes":""},"class_list":["post-139","page","type-page","status-publish","hentry"],"yoast_head":"<!-- This site is optimized with the Yoast SEO plugin v27.5 - https:\/\/yoast.com\/product\/yoast-seo-wordpress\/ -->\n<title>Mais encore - Boogie Club<\/title>\n<meta name=\"robots\" content=\"index, follow, max-snippet:-1, max-image-preview:large, max-video-preview:-1\" \/>\n<link rel=\"canonical\" href=\"https:\/\/boogieclub.net\/index.php\/mais-encore\/\" \/>\n<meta property=\"og:locale\" content=\"fr_FR\" \/>\n<meta property=\"og:type\" content=\"article\" \/>\n<meta property=\"og:title\" content=\"Mais encore - Boogie Club\" \/>\n<meta property=\"og:description\" content=\"Comme tous les ans depuis plus de 20 ans, nous organisons un grand stage (environ 140 personnes) au mois d&#8217;avril en Espagne et plus pr\u00e9cis\u00e9ment \u00e0 Calpe. Cette saison le voyage aura lieu donc \u00e0 Calpe du 20 au 27 avril 2025. Nous vous en dirons un peu plus \u00e0 la rentr\u00e9e&#8230;\" \/>\n<meta property=\"og:url\" content=\"https:\/\/boogieclub.net\/index.php\/mais-encore\/\" \/>\n<meta property=\"og:site_name\" content=\"Boogie Club\" \/>\n<meta property=\"article:publisher\" content=\"https:\/\/www.facebook.com\/BoogieClubPau\" \/>\n<meta property=\"article:modified_time\" content=\"2024-07-15T15:08:08+00:00\" \/>\n<meta name=\"twitter:card\" content=\"summary_large_image\" \/>\n<meta name=\"twitter:label1\" content=\"Dur\u00e9e de lecture estim\u00e9e\" \/>\n\t<meta name=\"twitter:data1\" content=\"1 minute\" \/>\n<script type=\"application\/ld+json\" class=\"yoast-schema-graph\">{\"@context\":\"https:\\\/\\\/schema.org\",\"@graph\":[{\"@type\":\"WebPage\",\"@id\":\"https:\\\/\\\/boogieclub.net\\\/index.php\\\/mais-encore\\\/\",\"url\":\"https:\\\/\\\/boogieclub.net\\\/index.php\\\/mais-encore\\\/\",\"name\":\"Mais encore - Boogie Club\",\"isPartOf\":{\"@id\":\"https:\\\/\\\/boogieclub.net\\\/#website\"},\"datePublished\":\"2021-07-15T20:49:50+00:00\",\"dateModified\":\"2024-07-15T15:08:08+00:00\",\"breadcrumb\":{\"@id\":\"https:\\\/\\\/boogieclub.net\\\/index.php\\\/mais-encore\\\/#breadcrumb\"},\"inLanguage\":\"fr-FR\",\"potentialAction\":[{\"@type\":\"ReadAction\",\"target\":[\"https:\\\/\\\/boogieclub.net\\\/index.php\\\/mais-encore\\\/\"]}]},{\"@type\":\"BreadcrumbList\",\"@id\":\"https:\\\/\\\/boogieclub.net\\\/index.php\\\/mais-encore\\\/#breadcrumb\",\"itemListElement\":[{\"@type\":\"ListItem\",\"position\":1,\"name\":\"Accueil\",\"item\":\"https:\\\/\\\/boogieclub.net\\\/\"},{\"@type\":\"ListItem\",\"position\":2,\"name\":\"Mais encore\"}]},{\"@type\":\"WebSite\",\"@id\":\"https:\\\/\\\/boogieclub.net\\\/#website\",\"url\":\"https:\\\/\\\/boogieclub.net\\\/\",\"name\":\"Boogie Club\",\"description\":\"Rock, Swing, Lindy Hop, Balboa \u00e0 Pau (64)\",\"publisher\":{\"@id\":\"https:\\\/\\\/boogieclub.net\\\/#organization\"},\"potentialAction\":[{\"@type\":\"SearchAction\",\"target\":{\"@type\":\"EntryPoint\",\"urlTemplate\":\"https:\\\/\\\/boogieclub.net\\\/?s={search_term_string}\"},\"query-input\":{\"@type\":\"PropertyValueSpecification\",\"valueRequired\":true,\"valueName\":\"search_term_string\"}}],\"inLanguage\":\"fr-FR\"},{\"@type\":\"Organization\",\"@id\":\"https:\\\/\\\/boogieclub.net\\\/#organization\",\"name\":\"Boogie Club\",\"url\":\"https:\\\/\\\/boogieclub.net\\\/\",\"logo\":{\"@type\":\"ImageObject\",\"inLanguage\":\"fr-FR\",\"@id\":\"https:\\\/\\\/boogieclub.net\\\/#\\\/schema\\\/logo\\\/image\\\/\",\"url\":\"http:\\\/\\\/boogieclub.net\\\/wp-content\\\/uploads\\\/2021\\\/07\\\/cropped-Logo-Boogie.jpg\",\"contentUrl\":\"http:\\\/\\\/boogieclub.net\\\/wp-content\\\/uploads\\\/2021\\\/07\\\/cropped-Logo-Boogie.jpg\",\"width\":488,\"height\":240,\"caption\":\"Boogie Club\"},\"image\":{\"@id\":\"https:\\\/\\\/boogieclub.net\\\/#\\\/schema\\\/logo\\\/image\\\/\"},\"sameAs\":[\"https:\\\/\\\/www.facebook.com\\\/BoogieClubPau\",\"https:\\\/\\\/www.youtube.com\\\/channel\\\/UCcXmTdAQKqCovbtNdkdjhqg\"]}]}<\/script>\n<!-- \/ Yoast SEO plugin. -->","yoast_head_json":{"title":"Mais encore - Boogie Club","robots":{"index":"index","follow":"follow","max-snippet":"max-snippet:-1","max-image-preview":"max-image-preview:large","max-video-preview":"max-video-preview:-1"},"canonical":"https:\/\/boogieclub.net\/index.php\/mais-encore\/","og_locale":"fr_FR","og_type":"article","og_title":"Mais encore - Boogie Club","og_description":"Comme tous les ans depuis plus de 20 ans, nous organisons un grand stage (environ 140 personnes) au mois d&#8217;avril en Espagne et plus pr\u00e9cis\u00e9ment \u00e0 Calpe. Cette saison le voyage aura lieu donc \u00e0 Calpe du 20 au 27 avril 2025. Nous vous en dirons un peu plus \u00e0 la rentr\u00e9e&#8230;","og_url":"https:\/\/boogieclub.net\/index.php\/mais-encore\/","og_site_name":"Boogie Club","article_publisher":"https:\/\/www.facebook.com\/BoogieClubPau","article_modified_time":"2024-07-15T15:08:08+00:00","twitter_card":"summary_large_image","twitter_misc":{"Dur\u00e9e de lecture estim\u00e9e":"1 minute"},"schema":{"@context":"https:\/\/schema.org","@graph":[{"@type":"WebPage","@id":"https:\/\/boogieclub.net\/index.php\/mais-encore\/","url":"https:\/\/boogieclub.net\/index.php\/mais-encore\/","name":"Mais encore - Boogie Club","isPartOf":{"@id":"https:\/\/boogieclub.net\/#website"},"datePublished":"2021-07-15T20:49:50+00:00","dateModified":"2024-07-15T15:08:08+00:00","breadcrumb":{"@id":"https:\/\/boogieclub.net\/index.php\/mais-encore\/#breadcrumb"},"inLanguage":"fr-FR","potentialAction":[{"@type":"ReadAction","target":["https:\/\/boogieclub.net\/index.php\/mais-encore\/"]}]},{"@type":"BreadcrumbList","@id":"https:\/\/boogieclub.net\/index.php\/mais-encore\/#breadcrumb","itemListElement":[{"@type":"ListItem","position":1,"name":"Accueil","item":"https:\/\/boogieclub.net\/"},{"@type":"ListItem","position":2,"name":"Mais encore"}]},{"@type":"WebSite","@id":"https:\/\/boogieclub.net\/#website","url":"https:\/\/boogieclub.net\/","name":"Boogie Club","description":"Rock, Swing, Lindy Hop, Balboa \u00e0 Pau (64)","publisher":{"@id":"https:\/\/boogieclub.net\/#organization"},"potentialAction":[{"@type":"SearchAction","target":{"@type":"EntryPoint","urlTemplate":"https:\/\/boogieclub.net\/?s={search_term_string}"},"query-input":{"@type":"PropertyValueSpecification","valueRequired":true,"valueName":"search_term_string"}}],"inLanguage":"fr-FR"},{"@type":"Organization","@id":"https:\/\/boogieclub.net\/#organization","name":"Boogie Club","url":"https:\/\/boogieclub.net\/","logo":{"@type":"ImageObject","inLanguage":"fr-FR","@id":"https:\/\/boogieclub.net\/#\/schema\/logo\/image\/","url":"http:\/\/boogieclub.net\/wp-content\/uploads\/2021\/07\/cropped-Logo-Boogie.jpg","contentUrl":"http:\/\/boogieclub.net\/wp-content\/uploads\/2021\/07\/cropped-Logo-Boogie.jpg","width":488,"height":240,"caption":"Boogie Club"},"image":{"@id":"https:\/\/boogieclub.net\/#\/schema\/logo\/image\/"},"sameAs":["https:\/\/www.facebook.com\/BoogieClubPau","https:\/\/www.youtube.com\/channel\/UCcXmTdAQKqCovbtNdkdjhqg"]}]}},"_links":{"self":[{"href":"https:\/\/boogieclub.net\/index.php\/wp-json\/wp\/v2\/pages\/139","targetHints":{"allow":["GET"]}}],"collection":[{"href":"https:\/\/boogieclub.net\/index.php\/wp-json\/wp\/v2\/pages"}],"about":[{"href":"https:\/\/boogieclub.net\/index.php\/wp-json\/wp\/v2\/types\/page"}],"author":[{"embeddable":true,"href":"https:\/\/boogieclub.net\/index.php\/wp-json\/wp\/v2\/users\/1"}],"replies":[{"embeddable":true,"href":"https:\/\/boogieclub.net\/index.php\/wp-json\/wp\/v2\/comments?post=139"}],"version-history":[{"count":9,"href":"https:\/\/boogieclub.net\/index.php\/wp-json\/wp\/v2\/pages\/139\/revisions"}],"predecessor-version":[{"id":582,"href":"https:\/\/boogieclub.net\/index.php\/wp-json\/wp\/v2\/pages\/139\/revisions\/582"}],"wp:attachment":[{"href":"https:\/\/boogieclub.net\/index.php\/wp-json\/wp\/v2\/media?parent=139"}],"curies":[{"name":"wp","href":"https:\/\/api.w.org\/{rel}","templated":true}]}}